{"id":6,"date":"2023-05-23T17:34:56","date_gmt":"2023-05-23T17:34:56","guid":{"rendered":"https:\/\/testpladsen.dk\/?page_id=6"},"modified":"2024-11-24T16:51:59","modified_gmt":"2024-11-24T16:51:59","slug":"velkommen","status":"publish","type":"page","link":"https:\/\/testpladsen.dk\/","title":{"rendered":"Velkommen"},"content":{"rendered":"\n<p>Denne side er under opbygning.<\/p>\n\n\n<div class=\"wp-block-image\">\n<figure class=\"alignleft size-full\"><img loading=\"lazy\" decoding=\"async\" width=\"350\" height=\"263\" src=\"https:\/\/testpladsen.dk\/wp-content\/uploads\/2023\/05\/Ombyg_3-e1685732745842.jpg\" alt=\"byggeplads-1\" class=\"wp-image-24\" srcset=\"https:\/\/testpladsen.dk\/wp-content\/uploads\/2023\/05\/Ombyg_3-e1685732745842.jpg 350w, https:\/\/testpladsen.dk\/wp-content\/uploads\/2023\/05\/Ombyg_3-e1685732745842-300x225.jpg 300w\" sizes=\"auto, (max-width: 350px) 100vw, 350px\" \/><\/figure>\n<\/div>\n\n\n<p>Velkommen til min side p\u00e5 internet.<\/p>\n\n\n\n<p>Denne side er oprettet med det form\u00e5l at finde ud af hvordan tingene virker.<\/p>\n\n\n\n<p>Vil gerne oprette et fotoalbum. Give familiemedlemmer mulighed for at kommentere, skrive beskeder og kunne samle hvad der ellers sker med alle medlemmer.<\/p>\n\n\n\n<p>Det kan v\u00e6re sp\u00e6ndende at se billeder,  l\u00e6se historier og andre tanker som man \u00f8nsker at dele med resten af familien.<\/p>\n\n\n\n<p>Hold jer endelig ikke tilbage.<\/p>\n","protected":false},"excerpt":{"rendered":"<p>Denne side er under opbygning. Velkommen til min side p\u00e5 internet. Denne side er oprettet med det form\u00e5l at finde ud af hvordan tingene virker. Vil gerne oprette et fotoalbum. Give familiemedlemmer mulighed for at kommentere, skrive beskeder og kunne samle hvad der ellers sker med alle medlemmer. Det kan v\u00e6re sp\u00e6ndende at se billeder, &hellip; <a href=\"https:\/\/testpladsen.dk\/\" class=\"more-link\">L\u00e6s mere <span class=\"screen-reader-text\">Velkommen<\/span><\/a><\/p>\n","protected":false},"author":1,"featured_media":0,"parent":0,"menu_order":0,"comment_status":"closed","ping_status":"closed","template":"","meta":{"footnotes":""},"class_list":["post-6","page","type-page","status-publish","hentry"],"_links":{"self":[{"href":"https:\/\/testpladsen.dk\/index.php?rest_route=\/wp\/v2\/pages\/6","targetHints":{"allow":["GET"]}}],"collection":[{"href":"https:\/\/testpladsen.dk\/index.php?rest_route=\/wp\/v2\/pages"}],"about":[{"href":"https:\/\/testpladsen.dk\/index.php?rest_route=\/wp\/v2\/types\/page"}],"author":[{"embeddable":true,"href":"https:\/\/testpladsen.dk\/index.php?rest_route=\/wp\/v2\/users\/1"}],"replies":[{"embeddable":true,"href":"https:\/\/testpladsen.dk\/index.php?rest_route=%2Fwp%2Fv2%2Fcomments&post=6"}],"version-history":[{"count":5,"href":"https:\/\/testpladsen.dk\/index.php?rest_route=\/wp\/v2\/pages\/6\/revisions"}],"predecessor-version":[{"id":53,"href":"https:\/\/testpladsen.dk\/index.php?rest_route=\/wp\/v2\/pages\/6\/revisions\/53"}],"wp:attachment":[{"href":"https:\/\/testpladsen.dk\/index.php?rest_route=%2Fwp%2Fv2%2Fmedia&parent=6"}],"curies":[{"name":"wp","href":"https:\/\/api.w.org\/{rel}","templated":true}]}}